{"id":7010,"date":"2025-04-23T15:21:24","date_gmt":"2025-04-23T18:21:24","guid":{"rendered":"https:\/\/home.dbosco.com.br\/?page_id=7010"},"modified":"2025-05-22T15:12:26","modified_gmt":"2025-05-22T18:12:26","slug":"conexoes-exponenciais","status":"publish","type":"page","link":"https:\/\/home.dbosco.com.br\/index.php\/conexoes-exponenciais\/","title":{"rendered":"Dom Bosco &#8211; Conex\u00f5es Exponenciais"},"content":{"rendered":"\t\t<div data-elementor-type=\"wp-page\" data-elementor-id=\"7010\" class=\"elementor elementor-7010\">\n\t\t\t\t\t\t<section class=\"elementor-section elementor-top-section elementor-element elementor-element-95c8d7f elementor-section-boxed elementor-section-height-default elementor-section-height-default\" data-id=\"95c8d7f\" data-element_type=\"section\" data-e-type=\"section\" data-settings=\"{&quot;background_background&quot;:&quot;video&quot;,&quot;background_video_link&quot;:&quot;https:\\\/\\\/home.dbosco.com.br\\\/wp-content\\\/uploads\\\/2025\\\/03\\\/Dom-Bosco-Exponencial-Manifesto-2025-legendado-3.mp4&quot;,&quot;background_play_on_mobile&quot;:&quot;yes&quot;}\">\n\t\t\t\t\t\t\t\t<div class=\"elementor-background-video-container\">\n\t\t\t\t\t\t\t\t\t\t\t\t\t<video class=\"elementor-background-video-hosted\" role=\"presentation\" autoplay muted playsinline loop><\/video>\n\t\t\t\t\t\t\t\t\t\t\t<\/div>\n\t\t\t\t\t\t\t\t\t<div class=\"elementor-background-overlay\"><\/div>\n\t\t\t\t\t\t\t<div class=\"elementor-container elementor-column-gap-default\">\n\t\t\t\t\t<div class=\"elementor-column elementor-col-100 elementor-top-column elementor-element elementor-element-829728f ot-flex-column-vertical\" data-id=\"829728f\" data-element_type=\"column\" data-e-type=\"column\">\n\t\t\t<div class=\"elementor-widget-wrap elementor-element-populated\">\n\t\t\t\t\t\t<div class=\"elementor-element elementor-element-05214fa elementor-widget elementor-widget-spacer\" data-id=\"05214fa\" data-element_type=\"widget\" data-e-type=\"widget\" data-widget_type=\"spacer.default\">\n\t\t\t\t<div class=\"elementor-widget-container\">\n\t\t\t\t\t\t\t<div class=\"elementor-spacer\">\n\t\t\t<div class=\"elementor-spacer-inner\"><\/div>\n\t\t<\/div>\n\t\t\t\t\t\t<\/div>\n\t\t\t\t<\/div>\n\t\t\t\t<div class=\"elementor-element elementor-element-0532bd7 elementor-widget elementor-widget-iheading\" data-id=\"0532bd7\" data-element_type=\"widget\" data-e-type=\"widget\" data-widget_type=\"iheading.default\">\n\t\t\t\t<div class=\"elementor-widget-container\">\n\t\t\t\t\t\t\t<div class=\"ot-heading center-align text-light\">\r\n\t\t\t\r\n\t\t\t\t\r\n\r\n\t        \t            <h6 class=\"sub-heading\"><span>Dom Bosco<\/span><\/h6>\r\n\t         \r\n\r\n\t        \t        \t<h2 class=\"main-heading\">Protegendo os Pequenos: Guia de Primerios Socorros para Fam\u00edlias<\/h2>\r\n\t        \t    <\/div>\r\n\t    \t\t\t\t<\/div>\n\t\t\t\t<\/div>\n\t\t\t\t<div class=\"elementor-element elementor-element-0c19154 elementor-widget elementor-widget-heading\" data-id=\"0c19154\" data-element_type=\"widget\" data-e-type=\"widget\" data-widget_type=\"heading.default\">\n\t\t\t\t<div class=\"elementor-widget-container\">\n\t\t\t\t\t<h2 class=\"elementor-heading-title elementor-size-large\">14 de junho<br>  1\u00aa Turma - 9h \u00e0s 10h<br>2\u00aa Turma - 10h \u00e0s 11h<br><br>Local: Ed\u00edficio Luiz Pinho Rodrigues (<i>Ao lado do Audit\u00f3rio do Dom Bosco Exponencial<\/i>) <br>Centro de Simula\u00e7\u00e3o Real\u00edstica -  2\u00ba Andar<br><\/h2>\t\t\t\t<\/div>\n\t\t\t\t<\/div>\n\t\t\t\t<div class=\"elementor-element elementor-element-1c24e3e elementor-widget elementor-widget-spacer\" data-id=\"1c24e3e\" data-element_type=\"widget\" data-e-type=\"widget\" data-widget_type=\"spacer.default\">\n\t\t\t\t<div class=\"elementor-widget-container\">\n\t\t\t\t\t\t\t<div class=\"elementor-spacer\">\n\t\t\t<div class=\"elementor-spacer-inner\"><\/div>\n\t\t<\/div>\n\t\t\t\t\t\t<\/div>\n\t\t\t\t<\/div>\n\t\t\t\t\t<\/div>\n\t\t<\/div>\n\t\t\t\t\t<\/div>\n\t\t<\/section>\n\t\t\t\t<section class=\"elementor-section elementor-top-section elementor-element elementor-element-c341dc8 elementor-section-boxed elementor-section-height-default elementor-section-height-default\" data-id=\"c341dc8\" data-element_type=\"section\" data-e-type=\"section\">\n\t\t\t\t\t\t<div class=\"elementor-container elementor-column-gap-default\">\n\t\t\t\t\t<div class=\"elementor-column elementor-col-100 elementor-top-column elementor-element elementor-element-86d9501 ot-flex-column-vertical\" data-id=\"86d9501\" data-element_type=\"column\" data-e-type=\"column\">\n\t\t\t<div class=\"elementor-widget-wrap elementor-element-populated\">\n\t\t\t\t\t\t<div class=\"elementor-element elementor-element-2703984 elementor-widget elementor-widget-html\" data-id=\"2703984\" data-element_type=\"widget\" data-e-type=\"widget\" data-widget_type=\"html.default\">\n\t\t\t\t<div class=\"elementor-widget-container\">\n\t\t\t\t\t<script charset=\"utf-8\" type=\"text\/javascript\" src=\"\/\/js.hsforms.net\/forms\/embed\/v2.js\"><\/script>\r\n<script>\r\n  hbspt.forms.create({\r\n    portalId: \"2961792\",\r\n    formId: \"b5069a5d-dd12-4f28-afc3-4733b5e97167\",\r\n    region: \"na1\"\r\n  });\r\n<\/script>\t\t\t\t<\/div>\n\t\t\t\t<\/div>\n\t\t\t\t\t<\/div>\n\t\t<\/div>\n\t\t\t\t\t<\/div>\n\t\t<\/section>\n\t\t\t\t<\/div>\n\t\t","protected":false},"excerpt":{"rendered":"<p>Dom Bosco Protegendo os Pequenos: Guia de Primerios Socorros para Fam\u00edlias 14 de junho 1\u00aa Turma &#8211; 9h \u00e0s 10h 2\u00aa Turma &#8211; 10h \u00e0s 11h Local: Ed\u00edficio Luiz Pinho Rodrigues (Ao lado do Audit\u00f3rio do Dom Bosco Exponencial) Centro de Simula\u00e7\u00e3o Real\u00edstica &#8211; 2\u00ba Andar<\/p>\n","protected":false},"author":2,"featured_media":0,"parent":0,"menu_order":0,"comment_status":"closed","ping_status":"closed","template":"","meta":{"_acf_changed":false,"content-type":"","_monsterinsights_skip_tracking":false,"_monsterinsights_sitenote_active":false,"_monsterinsights_sitenote_note":"","_monsterinsights_sitenote_category":0,"spay_email":"","footnotes":""},"class_list":["post-7010","page","type-page","status-publish","hentry"],"acf":[],"_links":{"self":[{"href":"https:\/\/home.dbosco.com.br\/index.php\/wp-json\/wp\/v2\/pages\/7010","targetHints":{"allow":["GET"]}}],"collection":[{"href":"https:\/\/home.dbosco.com.br\/index.php\/wp-json\/wp\/v2\/pages"}],"about":[{"href":"https:\/\/home.dbosco.com.br\/index.php\/wp-json\/wp\/v2\/types\/page"}],"author":[{"embeddable":true,"href":"https:\/\/home.dbosco.com.br\/index.php\/wp-json\/wp\/v2\/users\/2"}],"replies":[{"embeddable":true,"href":"https:\/\/home.dbosco.com.br\/index.php\/wp-json\/wp\/v2\/comments?post=7010"}],"version-history":[{"count":19,"href":"https:\/\/home.dbosco.com.br\/index.php\/wp-json\/wp\/v2\/pages\/7010\/revisions"}],"predecessor-version":[{"id":7064,"href":"https:\/\/home.dbosco.com.br\/index.php\/wp-json\/wp\/v2\/pages\/7010\/revisions\/7064"}],"wp:attachment":[{"href":"https:\/\/home.dbosco.com.br\/index.php\/wp-json\/wp\/v2\/media?parent=7010"}],"curies":[{"name":"wp","href":"https:\/\/api.w.org\/{rel}","templated":true}]}}