{"id":5907,"date":"2024-03-19T10:40:13","date_gmt":"2024-03-19T13:40:13","guid":{"rendered":"https:\/\/home.dbosco.com.br\/?page_id=5907"},"modified":"2025-08-11T17:29:04","modified_gmt":"2025-08-11T20:29:04","slug":"sabado-em-movimento","status":"publish","type":"page","link":"https:\/\/home.dbosco.com.br\/index.php\/sabado-em-movimento\/","title":{"rendered":"S\u00e1bado em Movimento"},"content":{"rendered":"\t\t<div data-elementor-type=\"wp-page\" data-elementor-id=\"5907\" class=\"elementor elementor-5907\">\n\t\t\t\t\t\t<section class=\"elementor-section elementor-top-section elementor-element elementor-element-95c8d7f elementor-section-boxed elementor-section-height-default elementor-section-height-default\" data-id=\"95c8d7f\" data-element_type=\"section\" data-e-type=\"section\" data-settings=\"{&quot;background_background&quot;:&quot;video&quot;,&quot;background_video_link&quot;:&quot;https:\\\/\\\/home.dbosco.com.br\\\/wp-content\\\/uploads\\\/2025\\\/03\\\/Dom-Bosco-Exponencial-Manifesto-2025-legendado-3.mp4&quot;,&quot;background_play_on_mobile&quot;:&quot;yes&quot;}\">\n\t\t\t\t\t\t\t\t<div class=\"elementor-background-video-container\">\n\t\t\t\t\t\t\t\t\t\t\t\t\t<video class=\"elementor-background-video-hosted\" role=\"presentation\" autoplay muted playsinline loop><\/video>\n\t\t\t\t\t\t\t\t\t\t\t<\/div>\n\t\t\t\t\t\t\t\t\t<div class=\"elementor-background-overlay\"><\/div>\n\t\t\t\t\t\t\t<div class=\"elementor-container elementor-column-gap-default\">\n\t\t\t\t\t<div class=\"elementor-column elementor-col-100 elementor-top-column elementor-element elementor-element-829728f ot-flex-column-vertical\" data-id=\"829728f\" data-element_type=\"column\" data-e-type=\"column\">\n\t\t\t<div class=\"elementor-widget-wrap elementor-element-populated\">\n\t\t\t\t\t\t<div class=\"elementor-element elementor-element-05214fa elementor-widget elementor-widget-spacer\" data-id=\"05214fa\" data-element_type=\"widget\" data-e-type=\"widget\" data-widget_type=\"spacer.default\">\n\t\t\t\t<div class=\"elementor-widget-container\">\n\t\t\t\t\t\t\t<div class=\"elementor-spacer\">\n\t\t\t<div class=\"elementor-spacer-inner\"><\/div>\n\t\t<\/div>\n\t\t\t\t\t\t<\/div>\n\t\t\t\t<\/div>\n\t\t\t\t<div class=\"elementor-element elementor-element-0532bd7 elementor-widget elementor-widget-iheading\" data-id=\"0532bd7\" data-element_type=\"widget\" data-e-type=\"widget\" data-widget_type=\"iheading.default\">\n\t\t\t\t<div class=\"elementor-widget-container\">\n\t\t\t\t\t\t\t<div class=\"ot-heading center-align text-light\">\r\n\t\t\t\r\n\t\t\t\t\r\n\r\n\t        \t            <h6 class=\"sub-heading\"><span>Dom Bosco<\/span><\/h6>\r\n\t         \r\n\r\n\t        \t        \t<h2 class=\"main-heading\">S\u00e1bado em Movimento<\/h2>\r\n\t        \t    <\/div>\r\n\t    \t\t\t\t<\/div>\n\t\t\t\t<\/div>\n\t\t\t\t<div class=\"elementor-element elementor-element-0c19154 elementor-widget elementor-widget-heading\" data-id=\"0c19154\" data-element_type=\"widget\" data-e-type=\"widget\" data-widget_type=\"heading.default\">\n\t\t\t\t<div class=\"elementor-widget-container\">\n\t\t\t\t\t<h2 class=\"elementor-heading-title elementor-size-small\">Manh\u00e3s de s\u00e1bados com muitos jogos, brincadeiras e divers\u00e3o para crian\u00e7as da Educa\u00e7\u00e3o Infantil!<br>\n<p><b style=\"font-size: 25px\">\n<\/b><span style=\"font-size: 25px\"><br><\/span><b style=\"font-size: 25px\">Todos os s\u00e1bados\n<\/b><span style=\"font-size: 25px\"><br><\/span><b style=\"font-size: 25px\">Das 8h \u00e0s 11h30<\/b><br><b style=\"font-size: 25px\">\n<\/b><br><span style=\"font-size: 20px\">\nDi\u00e1ria: R$120<\/span><br><span style=\"font-size: 20px\">Pacote Mensal: R$399\n<\/span><br><span style=\"font-size: 20px\">\n<\/span><br><span style=\"font-size: 20px\">Preencha o formul\u00e1rio abaixo para receber em seu e-mail as informa\u00e7\u00f5es de pagamento.<\/span><\/p><\/h2>\t\t\t\t<\/div>\n\t\t\t\t<\/div>\n\t\t\t\t\t<\/div>\n\t\t<\/div>\n\t\t\t\t\t<\/div>\n\t\t<\/section>\n\t\t\t\t<section class=\"elementor-section elementor-top-section elementor-element elementor-element-c341dc8 elementor-section-boxed elementor-section-height-default elementor-section-height-default\" data-id=\"c341dc8\" data-element_type=\"section\" data-e-type=\"section\">\n\t\t\t\t\t\t<div class=\"elementor-container elementor-column-gap-default\">\n\t\t\t\t\t<div class=\"elementor-column elementor-col-100 elementor-top-column elementor-element elementor-element-86d9501 ot-flex-column-vertical\" data-id=\"86d9501\" data-element_type=\"column\" data-e-type=\"column\">\n\t\t\t<div class=\"elementor-widget-wrap elementor-element-populated\">\n\t\t\t\t\t\t<div class=\"elementor-element elementor-element-2703984 elementor-widget elementor-widget-html\" data-id=\"2703984\" data-element_type=\"widget\" data-e-type=\"widget\" data-widget_type=\"html.default\">\n\t\t\t\t<div class=\"elementor-widget-container\">\n\t\t\t\t\t<script charset=\"utf-8\" type=\"text\/javascript\" src=\"\/\/js.hsforms.net\/forms\/embed\/v2.js\"><\/script>\r\n<script>\r\n  hbspt.forms.create({\r\n    portalId: \"2961792\",\r\n    formId: \"868e8c0e-1f55-411d-bbe5-758902d14df6\",\r\n    region: \"na1\"\r\n  });\r\n<\/script>\t\t\t\t<\/div>\n\t\t\t\t<\/div>\n\t\t\t\t\t<\/div>\n\t\t<\/div>\n\t\t\t\t\t<\/div>\n\t\t<\/section>\n\t\t\t\t<\/div>\n\t\t","protected":false},"excerpt":{"rendered":"<p>Dom Bosco S\u00e1bado em Movimento Manh\u00e3s de s\u00e1bados com muitos jogos, brincadeiras e divers\u00e3o para crian\u00e7as da Educa\u00e7\u00e3o Infantil! Todos os s\u00e1bados Das 8h \u00e0s 11h30 Di\u00e1ria: R$120Pacote Mensal: R$399 Preencha o formul\u00e1rio abaixo para receber em seu e-mail as informa\u00e7\u00f5es de pagamento.<\/p>\n","protected":false},"author":2,"featured_media":0,"parent":0,"menu_order":0,"comment_status":"closed","ping_status":"closed","template":"","meta":{"_acf_changed":false,"content-type":"","_monsterinsights_skip_tracking":false,"_monsterinsights_sitenote_active":false,"_monsterinsights_sitenote_note":"","_monsterinsights_sitenote_category":0,"spay_email":"","footnotes":""},"class_list":["post-5907","page","type-page","status-publish","hentry"],"acf":[],"_links":{"self":[{"href":"https:\/\/home.dbosco.com.br\/index.php\/wp-json\/wp\/v2\/pages\/5907","targetHints":{"allow":["GET"]}}],"collection":[{"href":"https:\/\/home.dbosco.com.br\/index.php\/wp-json\/wp\/v2\/pages"}],"about":[{"href":"https:\/\/home.dbosco.com.br\/index.php\/wp-json\/wp\/v2\/types\/page"}],"author":[{"embeddable":true,"href":"https:\/\/home.dbosco.com.br\/index.php\/wp-json\/wp\/v2\/users\/2"}],"replies":[{"embeddable":true,"href":"https:\/\/home.dbosco.com.br\/index.php\/wp-json\/wp\/v2\/comments?post=5907"}],"version-history":[{"count":96,"href":"https:\/\/home.dbosco.com.br\/index.php\/wp-json\/wp\/v2\/pages\/5907\/revisions"}],"predecessor-version":[{"id":7186,"href":"https:\/\/home.dbosco.com.br\/index.php\/wp-json\/wp\/v2\/pages\/5907\/revisions\/7186"}],"wp:attachment":[{"href":"https:\/\/home.dbosco.com.br\/index.php\/wp-json\/wp\/v2\/media?parent=5907"}],"curies":[{"name":"wp","href":"https:\/\/api.w.org\/{rel}","templated":true}]}}