{"id":5302,"date":"2022-04-07T15:51:42","date_gmt":"2022-04-07T18:51:42","guid":{"rendered":"https:\/\/home.dbosco.com.br\/?page_id=5302"},"modified":"2022-04-07T18:03:49","modified_gmt":"2022-04-07T21:03:49","slug":"g7-censo-2020","status":"publish","type":"page","link":"https:\/\/home.dbosco.com.br\/index.php\/g7-censo-2020\/","title":{"rendered":"An\u00e1lise do Censo da Educa\u00e7\u00e3o Superior"},"content":{"rendered":"\t\t<div data-elementor-type=\"wp-page\" data-elementor-id=\"5302\" class=\"elementor elementor-5302\">\n\t\t\t\t\t\t<section class=\"elementor-section elementor-top-section elementor-element elementor-element-9bf39dd elementor-section-full_width elementor-section-height-default elementor-section-height-default\" data-id=\"9bf39dd\" data-element_type=\"section\" data-e-type=\"section\" data-settings=\"{&quot;background_background&quot;:&quot;classic&quot;}\">\n\t\t\t\t\t\t<div class=\"elementor-container elementor-column-gap-default\">\n\t\t\t\t\t<div class=\"elementor-column elementor-col-100 elementor-top-column elementor-element elementor-element-602f2b3 ot-flex-column-vertical\" data-id=\"602f2b3\" data-element_type=\"column\" data-e-type=\"column\" data-settings=\"{&quot;background_background&quot;:&quot;classic&quot;}\">\n\t\t\t<div class=\"elementor-widget-wrap\">\n\t\t\t\t\t\t\t<\/div>\n\t\t<\/div>\n\t\t\t\t\t<\/div>\n\t\t<\/section>\n\t\t\t\t<\/div>\n\t\t","protected":false},"excerpt":{"rendered":"<p>An\u00e1lise do Censo da Educa\u00e7\u00e3o Superior<\/p>\n","protected":false},"author":1,"featured_media":0,"parent":0,"menu_order":0,"comment_status":"closed","ping_status":"closed","template":"","meta":{"_acf_changed":false,"content-type":"","_monsterinsights_skip_tracking":false,"_monsterinsights_sitenote_active":false,"_monsterinsights_sitenote_note":"","_monsterinsights_sitenote_category":0,"spay_email":"","footnotes":""},"class_list":["post-5302","page","type-page","status-publish","hentry"],"acf":[],"_links":{"self":[{"href":"https:\/\/home.dbosco.com.br\/index.php\/wp-json\/wp\/v2\/pages\/5302","targetHints":{"allow":["GET"]}}],"collection":[{"href":"https:\/\/home.dbosco.com.br\/index.php\/wp-json\/wp\/v2\/pages"}],"about":[{"href":"https:\/\/home.dbosco.com.br\/index.php\/wp-json\/wp\/v2\/types\/page"}],"author":[{"embeddable":true,"href":"https:\/\/home.dbosco.com.br\/index.php\/wp-json\/wp\/v2\/users\/1"}],"replies":[{"embeddable":true,"href":"https:\/\/home.dbosco.com.br\/index.php\/wp-json\/wp\/v2\/comments?post=5302"}],"version-history":[{"count":65,"href":"https:\/\/home.dbosco.com.br\/index.php\/wp-json\/wp\/v2\/pages\/5302\/revisions"}],"predecessor-version":[{"id":5393,"href":"https:\/\/home.dbosco.com.br\/index.php\/wp-json\/wp\/v2\/pages\/5302\/revisions\/5393"}],"wp:attachment":[{"href":"https:\/\/home.dbosco.com.br\/index.php\/wp-json\/wp\/v2\/media?parent=5302"}],"curies":[{"name":"wp","href":"https:\/\/api.w.org\/{rel}","templated":true}]}}