{"id":5003,"date":"2021-09-23T17:54:45","date_gmt":"2021-09-23T20:54:45","guid":{"rendered":"https:\/\/home.dbosco.com.br\/?page_id=5003"},"modified":"2026-02-23T14:43:21","modified_gmt":"2026-02-23T17:43:21","slug":"agendamento-visita","status":"publish","type":"page","link":"https:\/\/home.dbosco.com.br\/index.php\/agendamento-visita\/","title":{"rendered":"Agendamento de Visita"},"content":{"rendered":"\t\t<div data-elementor-type=\"wp-page\" data-elementor-id=\"5003\" class=\"elementor elementor-5003\">\n\t\t\t\t\t\t<section class=\"elementor-section elementor-top-section elementor-element elementor-element-95c8d7f elementor-section-boxed elementor-section-height-default elementor-section-height-default\" data-id=\"95c8d7f\" data-element_type=\"section\" data-e-type=\"section\" data-settings=\"{&quot;background_background&quot;:&quot;video&quot;,&quot;background_video_link&quot;:&quot;https:\\\/\\\/home.dbosco.com.br\\\/wp-content\\\/uploads\\\/2021\\\/09\\\/video-background.mp4&quot;,&quot;background_play_on_mobile&quot;:&quot;yes&quot;}\">\n\t\t\t\t\t\t\t\t<div class=\"elementor-background-video-container\">\n\t\t\t\t\t\t\t\t\t\t\t\t\t<video class=\"elementor-background-video-hosted\" role=\"presentation\" autoplay muted playsinline loop><\/video>\n\t\t\t\t\t\t\t\t\t\t\t<\/div>\n\t\t\t\t\t\t\t\t\t<div class=\"elementor-background-overlay\"><\/div>\n\t\t\t\t\t\t\t<div class=\"elementor-container elementor-column-gap-default\">\n\t\t\t\t\t<div class=\"elementor-column elementor-col-100 elementor-top-column elementor-element elementor-element-829728f ot-flex-column-vertical\" data-id=\"829728f\" data-element_type=\"column\" data-e-type=\"column\">\n\t\t\t<div class=\"elementor-widget-wrap elementor-element-populated\">\n\t\t\t\t\t\t<div class=\"elementor-element elementor-element-05214fa elementor-widget elementor-widget-spacer\" data-id=\"05214fa\" data-element_type=\"widget\" data-e-type=\"widget\" data-widget_type=\"spacer.default\">\n\t\t\t\t<div class=\"elementor-widget-container\">\n\t\t\t\t\t\t\t<div class=\"elementor-spacer\">\n\t\t\t<div class=\"elementor-spacer-inner\"><\/div>\n\t\t<\/div>\n\t\t\t\t\t\t<\/div>\n\t\t\t\t<\/div>\n\t\t\t\t<div class=\"elementor-element elementor-element-0532bd7 elementor-widget elementor-widget-iheading\" data-id=\"0532bd7\" data-element_type=\"widget\" data-e-type=\"widget\" data-widget_type=\"iheading.default\">\n\t\t\t\t<div class=\"elementor-widget-container\">\n\t\t\t\t\t\t\t<div class=\"ot-heading left-align text-light wrap__text_stroke\">\r\n\t\t\t\r\n\t\t\t\t\t\t\t<div class=\"heading__text_stroke\">agende<\/div>\r\n\t\t\t\t\r\n\r\n\t         \r\n\r\n\t        \t        \t<h2 class=\"main-heading\">Agende sua visita<\/h2>\r\n\t        \t    <\/div>\r\n\t    \t\t\t\t<\/div>\n\t\t\t\t<\/div>\n\t\t\t\t<div class=\"elementor-element elementor-element-6ebba54 elementor-widget elementor-widget-spacer\" data-id=\"6ebba54\" data-element_type=\"widget\" data-e-type=\"widget\" data-widget_type=\"spacer.default\">\n\t\t\t\t<div class=\"elementor-widget-container\">\n\t\t\t\t\t\t\t<div class=\"elementor-spacer\">\n\t\t\t<div class=\"elementor-spacer-inner\"><\/div>\n\t\t<\/div>\n\t\t\t\t\t\t<\/div>\n\t\t\t\t<\/div>\n\t\t\t\t\t<\/div>\n\t\t<\/div>\n\t\t\t\t\t<\/div>\n\t\t<\/section>\n\t\t\t\t<section class=\"elementor-section elementor-top-section elementor-element elementor-element-9bf39dd elementor-section-boxed elementor-section-height-default elementor-section-height-default\" data-id=\"9bf39dd\" data-element_type=\"section\" data-e-type=\"section\" data-settings=\"{&quot;background_background&quot;:&quot;classic&quot;}\">\n\t\t\t\t\t\t<div class=\"elementor-container elementor-column-gap-default\">\n\t\t\t\t\t<div class=\"elementor-column elementor-col-66 elementor-top-column elementor-element elementor-element-602f2b3 ot-flex-column-vertical\" data-id=\"602f2b3\" data-element_type=\"column\" data-e-type=\"column\" data-settings=\"{&quot;background_background&quot;:&quot;classic&quot;}\">\n\t\t\t<div class=\"elementor-widget-wrap elementor-element-populated\">\n\t\t\t\t\t\t<div class=\"elementor-element elementor-element-713e98c elementor-widget elementor-widget-html\" data-id=\"713e98c\" data-element_type=\"widget\" data-e-type=\"widget\" data-widget_type=\"html.default\">\n\t\t\t\t<div class=\"elementor-widget-container\">\n\t\t\t\t\t<!--[if lte IE 8]>\r\n<script charset=\"utf-8\" type=\"text\/javascript\" src=\"\/\/js.hsforms.net\/forms\/v2-legacy.js\"><\/script>\r\n<![endif]-->\r\n<script charset=\"utf-8\" type=\"text\/javascript\" src=\"\/\/js.hsforms.net\/forms\/v2.js\"><\/script>\r\n<script>\r\n  hbspt.forms.create({\r\n\tregion: \"na1\",\r\n\tportalId: \"2961792\",\r\n\tformId: \"70186531-541c-4b11-b759-5f7f12151e75\"\r\n});\r\n<\/script>\t\t\t\t<\/div>\n\t\t\t\t<\/div>\n\t\t\t\t<div class=\"elementor-element elementor-element-5ae3c70 elementor-widget elementor-widget-heading\" data-id=\"5ae3c70\" data-element_type=\"widget\" data-e-type=\"widget\" data-widget_type=\"heading.default\">\n\t\t\t\t<div class=\"elementor-widget-container\">\n\t\t\t\t\t<h5 class=\"elementor-heading-title elementor-size-default\">Ap\u00f3s enviar o formul\u00e1rio acima, agende aqui sua visita! <\/h5>\t\t\t\t<\/div>\n\t\t\t\t<\/div>\n\t\t\t\t<div class=\"elementor-element elementor-element-7ec9dfc elementor-tabs-view-horizontal elementor-widget elementor-widget-tabs\" data-id=\"7ec9dfc\" data-element_type=\"widget\" data-e-type=\"widget\" data-widget_type=\"tabs.default\">\n\t\t\t\t<div class=\"elementor-widget-container\">\n\t\t\t\t\t\t\t<div class=\"elementor-tabs\">\n\t\t\t<div class=\"elementor-tabs-wrapper\" role=\"tablist\" >\n\t\t\t\t\t\t\t\t\t<div id=\"elementor-tab-title-1321\" class=\"elementor-tab-title elementor-tab-desktop-title\" aria-selected=\"true\" data-tab=\"1\" role=\"tab\" tabindex=\"0\" aria-controls=\"elementor-tab-content-1321\" aria-expanded=\"false\">Educa\u00e7\u00e3o Infantil<\/div>\n\t\t\t\t\t\t\t\t\t<div id=\"elementor-tab-title-1322\" class=\"elementor-tab-title elementor-tab-desktop-title\" aria-selected=\"false\" data-tab=\"2\" role=\"tab\" tabindex=\"-1\" aria-controls=\"elementor-tab-content-1322\" aria-expanded=\"false\"> Ensino Fundamental Anos Iniciais<\/div>\n\t\t\t\t\t\t\t\t\t<div id=\"elementor-tab-title-1323\" class=\"elementor-tab-title elementor-tab-desktop-title\" aria-selected=\"false\" data-tab=\"3\" role=\"tab\" tabindex=\"-1\" aria-controls=\"elementor-tab-content-1323\" aria-expanded=\"false\">Ensino Fundamental Anos Finais<\/div>\n\t\t\t\t\t\t\t\t\t<div id=\"elementor-tab-title-1324\" class=\"elementor-tab-title elementor-tab-desktop-title\" aria-selected=\"false\" data-tab=\"4\" role=\"tab\" tabindex=\"-1\" aria-controls=\"elementor-tab-content-1324\" aria-expanded=\"false\">Ensino M\u00e9dio<\/div>\n\t\t\t\t\t\t\t<\/div>\n\t\t\t<div class=\"elementor-tabs-content-wrapper\" role=\"tablist\" aria-orientation=\"vertical\">\n\t\t\t\t\t\t\t\t\t<div class=\"elementor-tab-title elementor-tab-mobile-title\" aria-selected=\"true\" data-tab=\"1\" role=\"tab\" tabindex=\"0\" aria-controls=\"elementor-tab-content-1321\" aria-expanded=\"false\">Educa\u00e7\u00e3o Infantil<\/div>\n\t\t\t\t\t<div id=\"elementor-tab-content-1321\" class=\"elementor-tab-content elementor-clearfix\" data-tab=\"1\" role=\"tabpanel\" aria-labelledby=\"elementor-tab-title-1321\" tabindex=\"0\" hidden=\"false\"><div class=\"calendly-inline-widget\" style=\"min-width: 320px; height: 700px;\" data-url=\"https:\/\/calendly.com\/db-infantil\/visita-ao-infantil?primary_color=723e87\">\u00a0<\/div><p><script type=\"text\/javascript\" src=\"https:\/\/assets.calendly.com\/assets\/external\/widget.js\" async><\/script><br \/><!-- Widget em linha do Calendly - fim --><\/p><\/div>\n\t\t\t\t\t\t\t\t\t<div class=\"elementor-tab-title elementor-tab-mobile-title\" aria-selected=\"false\" data-tab=\"2\" role=\"tab\" tabindex=\"-1\" aria-controls=\"elementor-tab-content-1322\" aria-expanded=\"false\"> Ensino Fundamental Anos Iniciais<\/div>\n\t\t\t\t\t<div id=\"elementor-tab-content-1322\" class=\"elementor-tab-content elementor-clearfix\" data-tab=\"2\" role=\"tabpanel\" aria-labelledby=\"elementor-tab-title-1322\" tabindex=\"0\" hidden=\"hidden\"><div class=\"calendly-inline-widget\" style=\"min-width: 320px; height: 700px;\" data-url=\"https:\/\/calendly.com\/db-fund1\/visita-ao-fundamental-anos-iniciais?primary_color=723e87\">\u00a0<\/div><p><script type=\"text\/javascript\" src=\"https:\/\/assets.calendly.com\/assets\/external\/widget.js\" async><\/script><br \/><!-- Widget em linha do Calendly - fim --><\/p><\/div>\n\t\t\t\t\t\t\t\t\t<div class=\"elementor-tab-title elementor-tab-mobile-title\" aria-selected=\"false\" data-tab=\"3\" role=\"tab\" tabindex=\"-1\" aria-controls=\"elementor-tab-content-1323\" aria-expanded=\"false\">Ensino Fundamental Anos Finais<\/div>\n\t\t\t\t\t<div id=\"elementor-tab-content-1323\" class=\"elementor-tab-content elementor-clearfix\" data-tab=\"3\" role=\"tabpanel\" aria-labelledby=\"elementor-tab-title-1323\" tabindex=\"0\" hidden=\"hidden\"><div class=\"calendly-inline-widget\" style=\"min-width: 320px; height: 700px;\" data-url=\"https:\/\/calendly.com\/db-fund2\/visita-ao-fundamental-anos-finais?primary_color=723e87\">\u00a0<\/div><p><script type=\"text\/javascript\" src=\"https:\/\/assets.calendly.com\/assets\/external\/widget.js\" async><\/script><br \/><!-- Widget em linha do Calendly - fim --><\/p><\/div>\n\t\t\t\t\t\t\t\t\t<div class=\"elementor-tab-title elementor-tab-mobile-title\" aria-selected=\"false\" data-tab=\"4\" role=\"tab\" tabindex=\"-1\" aria-controls=\"elementor-tab-content-1324\" aria-expanded=\"false\">Ensino M\u00e9dio<\/div>\n\t\t\t\t\t<div id=\"elementor-tab-content-1324\" class=\"elementor-tab-content elementor-clearfix\" data-tab=\"4\" role=\"tabpanel\" aria-labelledby=\"elementor-tab-title-1324\" tabindex=\"0\" hidden=\"hidden\"><div class=\"calendly-inline-widget\" style=\"min-width: 320px; height: 1000px;\" data-url=\"https:\/\/calendly.com\/db-medio\/visita-ao-ensino-medio?primary_color=723e87\">\u00a0<\/div><p><script type=\"text\/javascript\" src=\"https:\/\/assets.calendly.com\/assets\/external\/widget.js\" async><\/script><br \/><!-- Widget em linha do Calendly - fim --><\/p><\/div>\n\t\t\t\t\t\t\t<\/div>\n\t\t<\/div>\n\t\t\t\t\t\t<\/div>\n\t\t\t\t<\/div>\n\t\t\t\t\t<\/div>\n\t\t<\/div>\n\t\t\t\t<div class=\"elementor-column elementor-col-33 elementor-top-column elementor-element elementor-element-56fdd34 ot-flex-column-vertical\" data-id=\"56fdd34\" data-element_type=\"column\" data-e-type=\"column\" data-settings=\"{&quot;background_background&quot;:&quot;classic&quot;}\">\n\t\t\t<div class=\"elementor-widget-wrap elementor-element-populated\">\n\t\t\t\t\t\t<div class=\"elementor-element elementor-element-79976fa elementor-widget elementor-widget-image\" data-id=\"79976fa\" data-element_type=\"widget\" data-e-type=\"widget\" data-widget_type=\"image.default\">\n\t\t\t\t<div class=\"elementor-widget-container\">\n\t\t\t\t\t\t\t\t\t\t\t\t\t\t\t<img decoding=\"async\" width=\"202\" height=\"186\" src=\"https:\/\/i2.wp.com\/home.dbosco.com.br\/wp-content\/uploads\/2021\/09\/ilustracao-planeta.png?fit=202%2C186&amp;ssl=1\" class=\"attachment-large size-large wp-image-4994\" alt=\"\" \/>\t\t\t\t\t\t\t\t\t\t\t\t\t\t\t<\/div>\n\t\t\t\t<\/div>\n\t\t\t\t<div class=\"elementor-element elementor-element-54b1696 elementor-widget elementor-widget-heading\" data-id=\"54b1696\" data-element_type=\"widget\" data-e-type=\"widget\" data-widget_type=\"heading.default\">\n\t\t\t\t<div class=\"elementor-widget-container\">\n\t\t\t\t\t<h2 class=\"elementor-heading-title elementor-size-default\">Querida fam\u00edlia,<\/h2>\t\t\t\t<\/div>\n\t\t\t\t<\/div>\n\t\t\t\t<div class=\"elementor-element elementor-element-fbff7d6 elementor-widget elementor-widget-text-editor\" data-id=\"fbff7d6\" data-element_type=\"widget\" data-e-type=\"widget\" data-widget_type=\"text-editor.default\">\n\t\t\t\t<div class=\"elementor-widget-container\">\n\t\t\t\t\t\t\t\t\t<p>Sabemos que escolher uma escola \u00e9 uma importante decis\u00e3o, que requer a avalia\u00e7\u00e3o de in\u00fameros fatores, como o prop\u00f3sito, a proposta pedag\u00f3gica, equipe, infraestrutura e acolhimento. Identificar e compreender as principais diferen\u00e7as entre as escolas \u00e9 parte essencial dessa experi\u00eancia de tomada de decis\u00e3o.<\/p><p>N\u00f3s, do Dom Bosco, com a experi\u00eancia de mais de 60 anos em educa\u00e7\u00e3o, fizemos a mais intensa pesquisa de toda nossa hist\u00f3ria, para promover uma completa evolu\u00e7\u00e3o dentro e fora das nossas salas de aula. Viajamos aos pa\u00edses de maior refer\u00eancia no campo educacional no mundo, com um desafiador objetivo: tornar o Dom Bosco uma escola exponencial.<\/p><p>Entendemos que \u00e9 fundamental formar cidad\u00e3os do futuro, desenvolvendo em nossas crian\u00e7as e jovens as habilidades e compet\u00eancias necess\u00e1rias para que possam viver em um mundo complexo e em constante transforma\u00e7\u00e3o.<\/p><p>Em nossas salas, oficinas e corredores, f\u00edsicos ou digitais, temos vivido uma nova concep\u00e7\u00e3o sobre o que \u00e9 ensinar, sobre como ensinar e sobre quais recursos usar para promover um processo educativo inovador e que fa\u00e7a sentido para os alunos.<\/p><p>Nosso trabalho \u00e9 marcado por um relacionamento personalizado com as fam\u00edlias de cada um de nossos alunos. Por isso, temos o prazer de convidar, tamb\u00e9m, a sua fam\u00edlia para conhecer de perto os projetos exponenciais desenvolvidos em nossa escola.<\/p><p>Esperamos pela oportunidade de conhec\u00ea-los e dar-lhes as boas-vindas ao Dom Bosco: A escola exponencial.<\/p><p>Agende sua visita com nossa equipe de Admiss\u00f5es:<\/p><p>Ser\u00e1 um prazer receb\u00ea-los em nossa escola!<\/p>\t\t\t\t\t\t\t\t<\/div>\n\t\t\t\t<\/div>\n\t\t\t\t<div class=\"elementor-element elementor-element-b7a88fd elementor-view-default elementor-widget elementor-widget-icon\" data-id=\"b7a88fd\" data-element_type=\"widget\" data-e-type=\"widget\" data-widget_type=\"icon.default\">\n\t\t\t\t<div class=\"elementor-widget-container\">\n\t\t\t\t\t\t\t<div class=\"elementor-icon-wrapper\">\n\t\t\t<a class=\"elementor-icon\" href=\"https:\/\/home.dbosco.com.br\/index.php\/segmentos-visita\/\">\n\t\t\t<i aria-hidden=\"true\" class=\"fas fa-arrow-circle-right\"><\/i>\t\t\t<\/a>\n\t\t<\/div>\n\t\t\t\t\t\t<\/div>\n\t\t\t\t<\/div>\n\t\t\t\t\t<\/div>\n\t\t<\/div>\n\t\t\t\t\t<\/div>\n\t\t<\/section>\n\t\t\t\t<section class=\"elementor-section elementor-top-section elementor-element elementor-element-d8080d3 elementor-section-boxed elementor-section-height-default elementor-section-height-default\" data-id=\"d8080d3\" data-element_type=\"section\" data-e-type=\"section\">\n\t\t\t\t\t\t<div class=\"elementor-container elementor-column-gap-default\">\n\t\t\t\t\t<div class=\"elementor-column elementor-col-100 elementor-top-column elementor-element elementor-element-1b27b41 ot-flex-column-vertical\" data-id=\"1b27b41\" data-element_type=\"column\" data-e-type=\"column\">\n\t\t\t<div class=\"elementor-widget-wrap\">\n\t\t\t\t\t\t\t<\/div>\n\t\t<\/div>\n\t\t\t\t\t<\/div>\n\t\t<\/section>\n\t\t\t\t<\/div>\n\t\t","protected":false},"excerpt":{"rendered":"<p>agende Agende sua visita Ap\u00f3s enviar o formul\u00e1rio acima, agende aqui sua visita! Educa\u00e7\u00e3o Infantil Ensino Fundamental Anos Iniciais Ensino Fundamental Anos Finais Ensino M\u00e9dio Educa\u00e7\u00e3o Infantil \u00a0 Ensino Fundamental Anos Iniciais \u00a0 Ensino Fundamental Anos Finais \u00a0 Ensino M\u00e9dio \u00a0 Querida fam\u00edlia, Sabemos que escolher uma escola \u00e9 uma importante decis\u00e3o, que requer a [&hellip;]<\/p>\n","protected":false},"author":1,"featured_media":0,"parent":0,"menu_order":0,"comment_status":"closed","ping_status":"closed","template":"","meta":{"_acf_changed":false,"content-type":"","_monsterinsights_skip_tracking":false,"_monsterinsights_sitenote_active":false,"_monsterinsights_sitenote_note":"","_monsterinsights_sitenote_category":0,"spay_email":"","footnotes":""},"class_list":["post-5003","page","type-page","status-publish","hentry"],"acf":[],"_links":{"self":[{"href":"https:\/\/home.dbosco.com.br\/index.php\/wp-json\/wp\/v2\/pages\/5003","targetHints":{"allow":["GET"]}}],"collection":[{"href":"https:\/\/home.dbosco.com.br\/index.php\/wp-json\/wp\/v2\/pages"}],"about":[{"href":"https:\/\/home.dbosco.com.br\/index.php\/wp-json\/wp\/v2\/types\/page"}],"author":[{"embeddable":true,"href":"https:\/\/home.dbosco.com.br\/index.php\/wp-json\/wp\/v2\/users\/1"}],"replies":[{"embeddable":true,"href":"https:\/\/home.dbosco.com.br\/index.php\/wp-json\/wp\/v2\/comments?post=5003"}],"version-history":[{"count":33,"href":"https:\/\/home.dbosco.com.br\/index.php\/wp-json\/wp\/v2\/pages\/5003\/revisions"}],"predecessor-version":[{"id":7437,"href":"https:\/\/home.dbosco.com.br\/index.php\/wp-json\/wp\/v2\/pages\/5003\/revisions\/7437"}],"wp:attachment":[{"href":"https:\/\/home.dbosco.com.br\/index.php\/wp-json\/wp\/v2\/media?parent=5003"}],"curies":[{"name":"wp","href":"https:\/\/api.w.org\/{rel}","templated":true}]}}